{"id":3355,"date":"2023-01-11T13:55:34","date_gmt":"2023-01-11T12:55:34","guid":{"rendered":"https:\/\/www.thesixtyone.com\/privacy-policy-2\/"},"modified":"2023-01-26T17:06:08","modified_gmt":"2023-01-26T16:06:08","slug":"impressum","status":"publish","type":"page","link":"https:\/\/www.thesixtyone.com\/de\/impressum\/","title":{"rendered":"Impressum"},"content":{"rendered":"<h3 class=\"wp-block-heading\">Informationen nach \u00a7 5 TMG:<\/h3>\n\n\n\n<p>Traffx GmbH<br>N\u00e4chste Neuendorfer Landstra\u00dfe 12<br>15806 Zossen<\/p>\n\n\n\n<p>Telefon: +49 (0)173 305 8136 (keine telefonische Kaufberatung \/ Produktberatung!)<br>E-Mail: tobias.friedrich(at)traffx.de (keine schriftliche Kaufberatung \/ Produktberatung!)<\/p>\n\n\n\n<p>Gesch\u00e4ftsf\u00fchrender Direktor: Tobias Friedrich<\/p>\n\n\n\n<p>Registergericht: Amtsgericht Potsdam<br>Registernummer: HRB 34921<\/p>\n\n\n\n<p>Umsatzsteuer-Identifikationsnummer: DE342706683<\/p>\n\n\n\n<h3 class=\"wp-block-heading\">Amazon-Partnerprogramm<\/h3>\n\n\n\n<p>Tobias Friedrich ist Teilnehmer des Partnerprogramms von Amazon EU, das zur Bereitstellung eines Mediums f\u00fcr Websites konzipiert wurde, mittels dessen durch die Platzierung von Werbeanzeigen und Links zu Amazon.de Werbekostenerstattung verdient werden kann.<\/p>\n\n\n\n<p>Amazon verwendet Cookies, um die Herkunft von Bestellungen zu verfolgen. Unter anderem kann Amazon erkennen, dass Sie den Partnerlink auf dieser Website angeklickt haben. Weitere Informationen zur Datennutzung durch Amazon finden Sie in den Datenschutzbestimmungen des Unternehmens: www.amazon.de\/gp\/help\/customer\/display.html\/ref=footer_privacy?ie=UTF8&amp;nodeId=3312401<\/p>\n\n\n\n<h3 class=\"wp-block-heading\">Foto\/Bilder Quellennachweis<\/h3>\n\n\n\n<p>www.amazon.de (Amazon-Partnerprogramm)<\/p>\n\n\n\n<p>Pixabay.com<\/p>\n\n\n\n<p>Pexels.com<\/p>\n\n\n\n<p>Unsplash.com<\/p>\n\n\n\n<p>Andere Bilder auf dieser Website werden mit freundlicher Genehmigung von Fotolia verwendet. Das Urheberrecht nach \u00a7 13 UrhG gilt f\u00fcr die Bilder von:<\/p>\n\n\n\n<h2 class=\"wp-block-heading\">Haftungsausschluss<\/h2>\n\n\n\n<h3 class=\"wp-block-heading\">Haftung f\u00fcr Inhalte<\/h3>\n\n\n\n<p>Als Dienstanbieter sind wir gem\u00e4\u00df \u00a7 7 Abs.1 TMG f\u00fcr eigene Inhalte auf diesen Seiten nach den allgemeinen Gesetzen verantwortlich. Nach \u00a7\u00a7 8 bis 10 TMG sind wir als Diensteanbieter jedoch nicht verpflichtet, \u00fcbermittelte oder gespeicherte fremde Informationen zu \u00fcberwachen oder nach Umst\u00e4nden zu forschen, die auf eine rechtswidrige T\u00e4tigkeit hinweisen. Verpflichtungen zur Entfernung oder Sperrung der Nutzung von Informationen nach den allgemeinen Gesetzen bleiben hiervon unber\u00fchrt. Eine diesbez\u00fcgliche Haftung ist jedoch erst ab dem Zeitpunkt der Kenntnis einer konkreten Rechtsverletzung m\u00f6glich. Bei Bekanntwerden von entsprechenden Rechtsverletzungen werden wir diese Inhalte umgehend entfernen.<\/p>\n\n\n\n<h3 class=\"wp-block-heading\">Haftung f\u00fcr Links<\/h3>\n\n\n\n<p>Unser Angebot enth\u00e4lt Links zu externen Webseiten Dritter, auf deren Inhalte wir keinen Einfluss haben. Deshalb k\u00f6nnen wir f\u00fcr diese fremden Inhalte auch keine Gew\u00e4hr \u00fcbernehmen. F\u00fcr die Inhalte der verlinkten Seiten ist stets der jeweilige Anbieter oder Betreiber der Seiten verantwortlich. Die verlinkten Seiten wurden zum Zeitpunkt der Verlinkung auf m\u00f6gliche Rechtsverst\u00f6\u00dfe \u00fcberpr\u00fcft. Rechtswidrige Inhalte waren zum Zeitpunkt der Verlinkung nicht erkennbar. Eine permanente inhaltliche Kontrolle der verlinkten Seiten ist jedoch ohne konkrete Anhaltspunkte einer Rechtsverletzung nicht zumutbar. Bei Bekanntwerden von Rechtsverletzungen werden wir derartige Links umgehend entfernen.<\/p>\n\n\n\n<h3 class=\"wp-block-heading\">Urheberrecht<\/h3>\n\n\n\n<p>Die durch die Seitenbetreiber erstellten Inhalte und Werke auf diesen Seiten unterliegen dem deutschen Urheberrecht. Die Vervielf\u00e4ltigung, Bearbeitung, Verbreitung und jede Art der Verwertung au\u00dferhalb der Grenzen des Urheberrechtes bed\u00fcrfen der schriftlichen Zustimmung des jeweiligen Autors bzw. Erstellers. Downloads und Kopien dieser Seite sind nur f\u00fcr den privaten, nicht kommerziellen Gebrauch gestattet. Soweit die Inhalte auf dieser Seite nicht vom Betreiber erstellt wurden, werden die Urheberrechte Dritter beachtet. Insbesondere werden Inhalte Dritter als solche gekennzeichnet. Sollten Sie trotzdem auf eine Urheberrechtsverletzung aufmerksam werden, bitten wir um einen entsprechenden Hinweis. Bei Bekanntwerden von Rechtsverletzungen werden wir derartige Inhalte umgehend entfernen.<\/p>","protected":false},"excerpt":{"rendered":"<p>Information according to \u00a7 5 TMG: Traffx GmbHNext Neuendorfer Landstra\u00dfe 1215806 Zossen Phone: +49 (0)173 305 8136 (no telephone purchase advice \/ product advice!)E-Mail: tobias.friedrich(at)traffx.de (no written purchase advice \/ product advice!) Managing director: Tobias Friedrich Register court: Local court PotsdamRegistration number: HRB 34921 Sales tax identification number: DE342706683 Amazon Partner Program Tobias Friedrich is [&hellip;]<\/p>","protected":false},"author":1,"featured_media":0,"parent":0,"menu_order":0,"comment_status":"closed","ping_status":"closed","template":"","meta":{"content-type":"","footnotes":""},"class_list":["post-3355","page","type-page","status-publish"],"_links":{"self":[{"href":"https:\/\/www.thesixtyone.com\/de\/wp-json\/wp\/v2\/pages\/3355","targetHints":{"allow":["GET"]}}],"collection":[{"href":"https:\/\/www.thesixtyone.com\/de\/wp-json\/wp\/v2\/pages"}],"about":[{"href":"https:\/\/www.thesixtyone.com\/de\/wp-json\/wp\/v2\/types\/page"}],"author":[{"embeddable":true,"href":"https:\/\/www.thesixtyone.com\/de\/wp-json\/wp\/v2\/users\/1"}],"replies":[{"embeddable":true,"href":"https:\/\/www.thesixtyone.com\/de\/wp-json\/wp\/v2\/comments?post=3355"}],"version-history":[{"count":1,"href":"https:\/\/www.thesixtyone.com\/de\/wp-json\/wp\/v2\/pages\/3355\/revisions"}],"predecessor-version":[{"id":3357,"href":"https:\/\/www.thesixtyone.com\/de\/wp-json\/wp\/v2\/pages\/3355\/revisions\/3357"}],"wp:attachment":[{"href":"https:\/\/www.thesixtyone.com\/de\/wp-json\/wp\/v2\/media?parent=3355"}],"curies":[{"name":"wp","href":"https:\/\/api.w.org\/{rel}","templated":true}]}}