{"id":3355,"date":"2023-01-11T13:55:34","date_gmt":"2023-01-11T12:55:34","guid":{"rendered":"https:\/\/www.thesixtyone.com\/privacy-policy-2\/"},"modified":"2023-01-26T17:06:08","modified_gmt":"2023-01-26T16:06:08","slug":"imprimir","status":"publish","type":"page","link":"https:\/\/www.thesixtyone.com\/es\/imprimir\/","title":{"rendered":"Pie de imprenta"},"content":{"rendered":"<h3 class=\"wp-block-heading\">Informaci\u00f3n conforme al art\u00edculo 5 de la TMG:<\/h3>\n\n\n\n<p>Traffx GmbH<br>Siguiente Neuendorfer Landstra\u00dfe 12<br>15806 Zossen<\/p>\n\n\n\n<p>Tel\u00e9fono: +49 (0)173 305 8136 (no se ofrece asesoramiento telef\u00f3nico sobre compras o productos)<br>Correo electr\u00f3nico: tobias.friedrich(at)traffx.de (no se ofrecen consejos de compra ni asesoramiento sobre productos por escrito)<\/p>\n\n\n\n<p>Director General: Tobias Friedrich<\/p>\n\n\n\n<p>Tribunal de registro: Juzgado municipal de Potsdam<br>N\u00famero de registro: HRB 34921<\/p>\n\n\n\n<p>N\u00famero de identificaci\u00f3n fiscal: DE342706683<\/p>\n\n\n\n<h3 class=\"wp-block-heading\">Programa de socios de Amazon<\/h3>\n\n\n\n<p>Tobias Friedrich participa en el programa de afiliaci\u00f3n de Amazon EU, que fue dise\u00f1ado para proporcionar un medio para que los sitios web ganen comisiones por publicidad mediante la colocaci\u00f3n de anuncios y enlaces a Amazon.de.<\/p>\n\n\n\n<p>Amazon utiliza cookies para rastrear el origen de los pedidos. Entre otras cosas, Amazon puede reconocer que usted ha hecho clic en el enlace de socio de este sitio web. Para m\u00e1s informaci\u00f3n sobre el uso que Amazon hace de los datos, consulte la pol\u00edtica de privacidad de la empresa:www.amazon.de\/gp\/help\/customer\/display.html\/ref=footer_privacy?ie=UTF8&amp;nodeId=3312401<\/p>\n\n\n\n<h3 class=\"wp-block-heading\">Cr\u00e9ditos de las fuentes de las fotos\/im\u00e1genes<\/h3>\n\n\n\n<p>www.amazon.de (programa de afiliaci\u00f3n de Amazon)<\/p>\n\n\n\n<p>Pixabay.com<\/p>\n\n\n\n<p>Pexels.com<\/p>\n\n\n\n<p>Unsplash.com<\/p>\n\n\n\n<p>Otras im\u00e1genes de este sitio web se utilizan con el amable permiso de Fotolia. El copyright seg\u00fan \u00a7 13 UrhG se aplica a las im\u00e1genes de:<\/p>\n\n\n\n<h2 class=\"wp-block-heading\">Descargo de responsabilidad<\/h2>\n\n\n\n<h3 class=\"wp-block-heading\">Responsabilidad por el contenido<\/h3>\n\n\n\n<p>Como proveedor de servicios, somos responsables de nuestros propios contenidos en estas p\u00e1ginas de acuerdo con el \u00a7 7 p\u00e1rrafo 1 TMG de las leyes generales. Seg\u00fan los \u00a7\u00a7 8 a 10 TMG no estamos obligados a controlar la informaci\u00f3n transmitida o almacenada ni a investigar circunstancias que indiquen una actividad ilegal. Las obligaciones de eliminar o bloquear el uso de informaci\u00f3n en virtud de las leyes generales no se ver\u00e1n afectadas. Sin embargo, la responsabilidad a este respecto s\u00f3lo es posible a partir del momento en que se tiene conocimiento de una infracci\u00f3n concreta de la ley. Si tenemos conocimiento de alguna infracci\u00f3n de este tipo, eliminaremos inmediatamente el contenido correspondiente.<\/p>\n\n\n\n<h3 class=\"wp-block-heading\">Responsabilidad de los enlaces<\/h3>\n\n\n\n<p>Nuestra oferta contiene enlaces a p\u00e1ginas web externas de terceros, sobre cuyos contenidos no tenemos ninguna influencia. Por lo tanto, no podemos asumir ninguna responsabilidad por estos contenidos externos. El respectivo proveedor u operador de las p\u00e1ginas es siempre responsable del contenido de las p\u00e1ginas enlazadas. En el momento de establecer el enlace, se comprob\u00f3 que las p\u00e1ginas enlazadas no infringieran la ley. En el momento de establecer el enlace no se detectaron contenidos ilegales. Sin embargo, un control permanente de los contenidos de las p\u00e1ginas enlazadas no es razonable sin pruebas concretas de una infracci\u00f3n de la ley. Si tenemos conocimiento de alguna infracci\u00f3n, eliminaremos dichos enlaces inmediatamente.<\/p>\n\n\n\n<h3 class=\"wp-block-heading\">Copyright<\/h3>\n\n\n\n<p>Los contenidos y obras creados por los operadores del sitio en estas p\u00e1ginas est\u00e1n sujetos a la legislaci\u00f3n alemana sobre derechos de autor. La reproducci\u00f3n, procesamiento, distribuci\u00f3n o cualquier forma de comercializaci\u00f3n de dicho material m\u00e1s all\u00e1 del alcance de la ley de derechos de autor requerir\u00e1 el consentimiento previo por escrito de su respectivo autor o creador. Las descargas y copias de este sitio s\u00f3lo est\u00e1n permitidas para uso privado y no comercial. En la medida en que el contenido de este sitio no haya sido creado por el operador, se respetan los derechos de autor de terceros. En particular, los contenidos de terceros est\u00e1n identificados como tales. No obstante, si tiene conocimiento de una infracci\u00f3n de los derechos de autor, le rogamos que nos lo comunique. Si tenemos conocimiento de alguna infracci\u00f3n, eliminaremos inmediatamente dicho contenido.<\/p>","protected":false},"excerpt":{"rendered":"<p>Information according to \u00a7 5 TMG: Traffx GmbHNext Neuendorfer Landstra\u00dfe 1215806 Zossen Phone: +49 (0)173 305 8136 (no telephone purchase advice \/ product advice!)E-Mail: tobias.friedrich(at)traffx.de (no written purchase advice \/ product advice!) Managing director: Tobias Friedrich Register court: Local court PotsdamRegistration number: HRB 34921 Sales tax identification number: DE342706683 Amazon Partner Program Tobias Friedrich is [&hellip;]<\/p>","protected":false},"author":1,"featured_media":0,"parent":0,"menu_order":0,"comment_status":"closed","ping_status":"closed","template":"","meta":{"content-type":"","footnotes":""},"class_list":["post-3355","page","type-page","status-publish"],"_links":{"self":[{"href":"https:\/\/www.thesixtyone.com\/es\/wp-json\/wp\/v2\/pages\/3355","targetHints":{"allow":["GET"]}}],"collection":[{"href":"https:\/\/www.thesixtyone.com\/es\/wp-json\/wp\/v2\/pages"}],"about":[{"href":"https:\/\/www.thesixtyone.com\/es\/wp-json\/wp\/v2\/types\/page"}],"author":[{"embeddable":true,"href":"https:\/\/www.thesixtyone.com\/es\/wp-json\/wp\/v2\/users\/1"}],"replies":[{"embeddable":true,"href":"https:\/\/www.thesixtyone.com\/es\/wp-json\/wp\/v2\/comments?post=3355"}],"version-history":[{"count":1,"href":"https:\/\/www.thesixtyone.com\/es\/wp-json\/wp\/v2\/pages\/3355\/revisions"}],"predecessor-version":[{"id":3357,"href":"https:\/\/www.thesixtyone.com\/es\/wp-json\/wp\/v2\/pages\/3355\/revisions\/3357"}],"wp:attachment":[{"href":"https:\/\/www.thesixtyone.com\/es\/wp-json\/wp\/v2\/media?parent=3355"}],"curies":[{"name":"wp","href":"https:\/\/api.w.org\/{rel}","templated":true}]}}