{"id":3355,"date":"2023-01-11T13:55:34","date_gmt":"2023-01-11T12:55:34","guid":{"rendered":"https:\/\/www.thesixtyone.com\/privacy-policy-2\/"},"modified":"2023-01-26T17:06:08","modified_gmt":"2023-01-26T16:06:08","slug":"impression","status":"publish","type":"page","link":"https:\/\/www.thesixtyone.com\/fr\/impression\/","title":{"rendered":"Impression"},"content":{"rendered":"<h3 class=\"wp-block-heading\">Informations conform\u00e9ment \u00e0 l'article 5 du TMG :<\/h3>\n\n\n\n<p>Traffx GmbH<br>Suivant Neuendorfer Landstra\u00dfe 12<br>15806 Zossen<\/p>\n\n\n\n<p>T\u00e9l\u00e9phone : +49 (0)173 305 8136 (pas de conseil d'achat ou de produit par t\u00e9l\u00e9phone ! +49 (0)173 305 8136 (pas de conseils d'achat ou de produits par t\u00e9l\u00e9phone !)<br>E-Mail : tobias.friedrich(at)traffx.de (pas de conseils d'achat ou de produits par \u00e9crit !)<\/p>\n\n\n\n<p>Directeur g\u00e9n\u00e9ral : Tobias Friedrich<\/p>\n\n\n\n<p>Tribunal d'enregistrement : Tribunal d'instance de Potsdam<br>Num\u00e9ro d'enregistrement : HRB 34921<\/p>\n\n\n\n<p>Num\u00e9ro d'identification de la taxe de vente : DE342706683<\/p>\n\n\n\n<h3 class=\"wp-block-heading\">Programme de partenariat Amazon<\/h3>\n\n\n\n<p>Tobias Friedrich participe au programme d'affiliation Amazon EU, qui a \u00e9t\u00e9 con\u00e7u pour permettre aux sites web de gagner des commissions publicitaires en pla\u00e7ant des annonces et des liens vers Amazon.de.<\/p>\n\n\n\n<p>Amazon utilise des cookies pour suivre l'origine des commandes. Amazon peut notamment reconna\u00eetre que vous avez cliqu\u00e9 sur le lien partenaire de ce site web. Pour plus d'informations sur l'utilisation des donn\u00e9es par Amazon, veuillez consulter la politique de confidentialit\u00e9 de l'entreprise : www.amazon.de\/gp\/help\/customer\/display.html\/ref=footer_privacy?ie=UTF8&amp;nodeId=3312401<\/p>\n\n\n\n<h3 class=\"wp-block-heading\">Cr\u00e9dits photos\/images<\/h3>\n\n\n\n<p>www.amazon.de (programme d'affiliation Amazon)<\/p>\n\n\n\n<p>Pixabay.com<\/p>\n\n\n\n<p>Pexels.com<\/p>\n\n\n\n<p>Unsplash.com<\/p>\n\n\n\n<p>Les autres images de ce site sont utilis\u00e9es avec l'aimable autorisation de Fotolia. Le droit d'auteur selon \u00a7 13 UrhG s'applique aux images de :<\/p>\n\n\n\n<h2 class=\"wp-block-heading\">Avis de non-responsabilit\u00e9<\/h2>\n\n\n\n<h3 class=\"wp-block-heading\">Responsabilit\u00e9 du contenu<\/h3>\n\n\n\n<p>En tant que prestataire de services, nous sommes responsables de notre propre contenu sur ces pages, conform\u00e9ment \u00e0 l'article 7, paragraphe 1, de la TMG, en vertu des lois g\u00e9n\u00e9rales. Conform\u00e9ment aux articles 8 \u00e0 10 de la TMG, nous ne sommes pas tenus de surveiller les informations transmises ou stock\u00e9es, ni d'enqu\u00eater sur des circonstances indiquant une activit\u00e9 ill\u00e9gale. Les obligations de supprimer ou de bloquer l'utilisation d'informations en vertu des lois g\u00e9n\u00e9rales restent inchang\u00e9es. Toutefois, la responsabilit\u00e9 \u00e0 cet \u00e9gard n'est possible qu'\u00e0 partir du moment o\u00f9 une infraction concr\u00e8te \u00e0 la loi est connue. Si nous avons connaissance d'une telle infraction, nous supprimerons imm\u00e9diatement le contenu concern\u00e9.<\/p>\n\n\n\n<h3 class=\"wp-block-heading\">Responsabilit\u00e9 des liens<\/h3>\n\n\n\n<p>Notre offre contient des liens vers des sites web externes de tiers, sur le contenu desquels nous n'avons aucune influence. Par cons\u00e9quent, nous ne pouvons assumer aucune responsabilit\u00e9 pour ces contenus externes. Le fournisseur ou l'exploitant des pages est toujours responsable du contenu des pages li\u00e9es. Les pages li\u00e9es ont \u00e9t\u00e9 contr\u00f4l\u00e9es au moment de la mise en place des liens pour v\u00e9rifier qu'elles n'\u00e9taient pas en infraction avec la loi. Les contenus ill\u00e9gaux n'\u00e9taient pas identifiables au moment de la cr\u00e9ation des liens. Toutefois, un contr\u00f4le permanent du contenu des pages li\u00e9es n'est pas raisonnable en l'absence de preuves concr\u00e8tes d'une violation de la loi. Si nous avons connaissance d'infractions, nous supprimerons imm\u00e9diatement ces liens.<\/p>\n\n\n\n<h3 class=\"wp-block-heading\">Droit d'auteur<\/h3>\n\n\n\n<p>Le contenu et les \u0153uvres cr\u00e9\u00e9s par les op\u00e9rateurs du site sur ces pages sont soumis \u00e0 la loi allemande sur les droits d'auteur. La reproduction, le traitement, la distribution ou toute forme de commercialisation de ce mat\u00e9riel au-del\u00e0 du champ d'application de la loi sur les droits d'auteur n\u00e9cessitent l'accord \u00e9crit pr\u00e9alable de l'auteur ou du cr\u00e9ateur respectif. Les t\u00e9l\u00e9chargements et les copies de ce site ne sont autoris\u00e9s que pour un usage priv\u00e9 et non commercial. Dans la mesure o\u00f9 le contenu de ce site n'a pas \u00e9t\u00e9 cr\u00e9\u00e9 par l'op\u00e9rateur, les droits d'auteur de tiers sont respect\u00e9s. Les contenus de tiers sont notamment identifi\u00e9s comme tels. Si vous avez n\u00e9anmoins connaissance d'une violation des droits d'auteur, veuillez nous en informer. Si nous avons connaissance d'une infraction, nous supprimerons imm\u00e9diatement le contenu en question.<\/p>","protected":false},"excerpt":{"rendered":"<p>Information according to \u00a7 5 TMG: Traffx GmbHNext Neuendorfer Landstra\u00dfe 1215806 Zossen Phone: +49 (0)173 305 8136 (no telephone purchase advice \/ product advice!)E-Mail: tobias.friedrich(at)traffx.de (no written purchase advice \/ product advice!) Managing director: Tobias Friedrich Register court: Local court PotsdamRegistration number: HRB 34921 Sales tax identification number: DE342706683 Amazon Partner Program Tobias Friedrich is [&hellip;]<\/p>","protected":false},"author":1,"featured_media":0,"parent":0,"menu_order":0,"comment_status":"closed","ping_status":"closed","template":"","meta":{"content-type":"","footnotes":""},"class_list":["post-3355","page","type-page","status-publish"],"_links":{"self":[{"href":"https:\/\/www.thesixtyone.com\/fr\/wp-json\/wp\/v2\/pages\/3355","targetHints":{"allow":["GET"]}}],"collection":[{"href":"https:\/\/www.thesixtyone.com\/fr\/wp-json\/wp\/v2\/pages"}],"about":[{"href":"https:\/\/www.thesixtyone.com\/fr\/wp-json\/wp\/v2\/types\/page"}],"author":[{"embeddable":true,"href":"https:\/\/www.thesixtyone.com\/fr\/wp-json\/wp\/v2\/users\/1"}],"replies":[{"embeddable":true,"href":"https:\/\/www.thesixtyone.com\/fr\/wp-json\/wp\/v2\/comments?post=3355"}],"version-history":[{"count":1,"href":"https:\/\/www.thesixtyone.com\/fr\/wp-json\/wp\/v2\/pages\/3355\/revisions"}],"predecessor-version":[{"id":3357,"href":"https:\/\/www.thesixtyone.com\/fr\/wp-json\/wp\/v2\/pages\/3355\/revisions\/3357"}],"wp:attachment":[{"href":"https:\/\/www.thesixtyone.com\/fr\/wp-json\/wp\/v2\/media?parent=3355"}],"curies":[{"name":"wp","href":"https:\/\/api.w.org\/{rel}","templated":true}]}}