{"id":3359,"date":"2023-01-11T13:55:34","date_gmt":"2023-01-11T12:55:34","guid":{"rendered":"https:\/\/www.thesixtyone.com\/imprint-2\/"},"modified":"2023-01-26T17:26:15","modified_gmt":"2023-01-26T16:26:15","slug":"clause-de-non-responsabilite","status":"publish","type":"page","link":"https:\/\/www.thesixtyone.com\/fr\/clause-de-non-responsabilite\/","title":{"rendered":"Avis de non-responsabilit\u00e9"},"content":{"rendered":"<p>TheSixtyOne.com n'est pas responsable des dommages qui pourraient r\u00e9sulter de l'utilisation ou de l'acc\u00e8s \u00e0 ce site web. TheSixtyOne.com s'efforce de veiller \u00e0 ce que le contenu des pages web soit \u00e0 jour, complet et correct. Tous les contenus de nos pages web sont soigneusement v\u00e9rifi\u00e9s lors de leur cr\u00e9ation et \u00e0 intervalles r\u00e9guliers.<\/p>\n\n\n\n<p>Toutefois, comme les informations peuvent changer rapidement, le contenu n'est pas n\u00e9cessairement toujours \u00e0 jour, correct et complet. TheSixtyOne.com ne peut donc pas en garantir la validit\u00e9, l'actualit\u00e9, l'exhaustivit\u00e9 et l'exactitude. Toute responsabilit\u00e9 est exclue.<\/p>\n\n\n\n<p>TheSixtyOne.com n'assume \u00e9galement aucune responsabilit\u00e9 pour les informations boursi\u00e8res ou les suggestions de n\u00e9gociation fournies sur le site web. Il convient de noter que les titres cot\u00e9s en bourse sont soumis \u00e0 des fluctuations de prix et \u00e0 des risques consid\u00e9rables. Les suggestions de n\u00e9gociation ou autres informations ne constituent pas une invitation \u00e0 acheter ou \u00e0 vendre des titres ou des produits financiers d\u00e9riv\u00e9s.<\/p>\n\n\n\n<p>Les informations contenues dans le site TheSixtyOne.com ne sont que des conseils d'ordre g\u00e9n\u00e9ral. Ces informations ne constituent pas un contrat avec le lecteur et ne peuvent remplacer un avis juridique. Aucune responsabilit\u00e9 n'est assum\u00e9e quant \u00e0 l'exactitude, l'actualit\u00e9 ou l'exhaustivit\u00e9 des informations. Tous les droits sont r\u00e9serv\u00e9s par l'auteur et toute reproduction est soumise \u00e0 autorisation.<\/p>\n\n\n\n<p>Toute responsabilit\u00e9 pour les cons\u00e9quences directes ou indirectes du contenu publi\u00e9 est donc exclue. Les visiteurs qui prennent ou ex\u00e9cutent des d\u00e9cisions d'investissement sur la base du contenu publi\u00e9 le font \u00e0 leurs propres risques. TheSixtyOne.com n'assume aucune responsabilit\u00e9 quant \u00e0 l'exactitude des informations publi\u00e9es. En utilisant le site, vous acceptez express\u00e9ment ce principe.<\/p>","protected":false},"excerpt":{"rendered":"<p>TheSixtyOne.com is not liable for any damages that may arise from the use of or access to this website. TheSixtyOne.com makes every effort to ensure that the content of the web pages is up-to-date, complete and correct. All contents of our web pages are carefully checked during their creation and at regular intervals. However, since [&hellip;]<\/p>","protected":false},"author":1,"featured_media":0,"parent":0,"menu_order":0,"comment_status":"closed","ping_status":"closed","template":"","meta":{"content-type":"","footnotes":""},"class_list":["post-3359","page","type-page","status-publish"],"_links":{"self":[{"href":"https:\/\/www.thesixtyone.com\/fr\/wp-json\/wp\/v2\/pages\/3359","targetHints":{"allow":["GET"]}}],"collection":[{"href":"https:\/\/www.thesixtyone.com\/fr\/wp-json\/wp\/v2\/pages"}],"about":[{"href":"https:\/\/www.thesixtyone.com\/fr\/wp-json\/wp\/v2\/types\/page"}],"author":[{"embeddable":true,"href":"https:\/\/www.thesixtyone.com\/fr\/wp-json\/wp\/v2\/users\/1"}],"replies":[{"embeddable":true,"href":"https:\/\/www.thesixtyone.com\/fr\/wp-json\/wp\/v2\/comments?post=3359"}],"version-history":[{"count":1,"href":"https:\/\/www.thesixtyone.com\/fr\/wp-json\/wp\/v2\/pages\/3359\/revisions"}],"predecessor-version":[{"id":3361,"href":"https:\/\/www.thesixtyone.com\/fr\/wp-json\/wp\/v2\/pages\/3359\/revisions\/3361"}],"wp:attachment":[{"href":"https:\/\/www.thesixtyone.com\/fr\/wp-json\/wp\/v2\/media?parent=3359"}],"curies":[{"name":"wp","href":"https:\/\/api.w.org\/{rel}","templated":true}]}}