{"id":3359,"date":"2023-01-11T13:55:34","date_gmt":"2023-01-11T12:55:34","guid":{"rendered":"https:\/\/www.thesixtyone.com\/imprint-2\/"},"modified":"2023-01-26T17:26:15","modified_gmt":"2023-01-26T16:26:15","slug":"disclaimer-2","status":"publish","type":"page","link":"https:\/\/www.thesixtyone.com\/it\/disclaimer-2\/","title":{"rendered":"Esclusione di responsabilit\u00e0"},"content":{"rendered":"<p>TheSixtyOne.com non \u00e8 responsabile per eventuali danni che possono derivare dall'uso o dall'accesso a questo sito web. TheSixtyOne.com compie ogni sforzo per garantire che il contenuto delle pagine web sia aggiornato, completo e corretto. Tutti i contenuti delle nostre pagine web vengono accuratamente controllati durante la loro creazione e a intervalli regolari.<\/p>\n\n\n\n<p>Tuttavia, poich\u00e9 le informazioni possono cambiare rapidamente, il contenuto non \u00e8 necessariamente sempre aggiornato, corretto e completo. Pertanto, TheSixtyOne.com non pu\u00f2 garantirne la validit\u00e0, la tempestivit\u00e0, la completezza e l'accuratezza. Ogni responsabilit\u00e0 \u00e8 esclusa.<\/p>\n\n\n\n<p>TheSixtyOne.com non si assume inoltre alcuna responsabilit\u00e0 per le informazioni di borsa o i suggerimenti di trading forniti sul sito. Si noti che i titoli quotati in borsa sono soggetti a notevoli fluttuazioni di prezzo e rischi. I suggerimenti di trading o altre informazioni non costituiscono un invito ad acquistare o vendere titoli o prodotti finanziari derivati.<\/p>\n\n\n\n<p>Le informazioni contenute in TheSixtyOne.com sono da intendersi esclusivamente come consigli generali. Queste informazioni non costituiscono un contratto con il lettore e non possono sostituire la consulenza legale. Non si assume alcuna responsabilit\u00e0 per l'accuratezza, la tempestivit\u00e0 o la completezza delle informazioni. Tutti i diritti sono riservati all'autore e qualsiasi tipo di riproduzione richiede un'autorizzazione.<\/p>\n\n\n\n<p>Si esclude pertanto qualsiasi responsabilit\u00e0 per le conseguenze dirette o indirette dei contenuti pubblicati. I visitatori che prendono o prendono decisioni di investimento sulla base dei contenuti pubblicati lo fanno a proprio rischio. TheSixtyOne.com non si assume alcuna responsabilit\u00e0 per l'accuratezza delle informazioni pubblicate. Utilizzando il sito, l'utente accetta espressamente quanto sopra.<\/p>","protected":false},"excerpt":{"rendered":"<p>TheSixtyOne.com is not liable for any damages that may arise from the use of or access to this website. TheSixtyOne.com makes every effort to ensure that the content of the web pages is up-to-date, complete and correct. All contents of our web pages are carefully checked during their creation and at regular intervals. However, since [&hellip;]<\/p>","protected":false},"author":1,"featured_media":0,"parent":0,"menu_order":0,"comment_status":"closed","ping_status":"closed","template":"","meta":{"content-type":"","footnotes":""},"class_list":["post-3359","page","type-page","status-publish"],"_links":{"self":[{"href":"https:\/\/www.thesixtyone.com\/it\/wp-json\/wp\/v2\/pages\/3359","targetHints":{"allow":["GET"]}}],"collection":[{"href":"https:\/\/www.thesixtyone.com\/it\/wp-json\/wp\/v2\/pages"}],"about":[{"href":"https:\/\/www.thesixtyone.com\/it\/wp-json\/wp\/v2\/types\/page"}],"author":[{"embeddable":true,"href":"https:\/\/www.thesixtyone.com\/it\/wp-json\/wp\/v2\/users\/1"}],"replies":[{"embeddable":true,"href":"https:\/\/www.thesixtyone.com\/it\/wp-json\/wp\/v2\/comments?post=3359"}],"version-history":[{"count":1,"href":"https:\/\/www.thesixtyone.com\/it\/wp-json\/wp\/v2\/pages\/3359\/revisions"}],"predecessor-version":[{"id":3361,"href":"https:\/\/www.thesixtyone.com\/it\/wp-json\/wp\/v2\/pages\/3359\/revisions\/3361"}],"wp:attachment":[{"href":"https:\/\/www.thesixtyone.com\/it\/wp-json\/wp\/v2\/media?parent=3359"}],"curies":[{"name":"wp","href":"https:\/\/api.w.org\/{rel}","templated":true}]}}