{"id":3355,"date":"2023-01-11T13:55:34","date_gmt":"2023-01-11T12:55:34","guid":{"rendered":"https:\/\/www.thesixtyone.com\/privacy-policy-2\/"},"modified":"2023-01-26T17:06:08","modified_gmt":"2023-01-26T16:06:08","slug":"odcisk","status":"publish","type":"page","link":"https:\/\/www.thesixtyone.com\/pl\/odcisk\/","title":{"rendered":"Nadruk"},"content":{"rendered":"<h3 class=\"wp-block-heading\">Informacje zgodnie z \u00a7 5 TMG:<\/h3>\n\n\n\n<p>Traffx GmbH<br>Next Neuendorfer Landstra\u00dfe 12<br>15806 Zossen<\/p>\n\n\n\n<p>Telefon: +49 (0)173 305 8136 (brak mo\u017cliwo\u015bci telefonicznego doradztwa zakupowego \/ doradztwa produktowego!)<br>E-mail: tobias.friedrich(at)traffx.de (brak pisemnych porad dotycz\u0105cych zakupu \/ produktu!)<\/p>\n\n\n\n<p>Dyrektor zarz\u0105dzaj\u0105cy: Tobias Friedrich<\/p>\n\n\n\n<p>S\u0105d rejestrowy: S\u0105d rejonowy w Poczdamie<br>Numer rejestracyjny: HRB 34921<\/p>\n\n\n\n<p>Numer identyfikacji podatkowej sprzeda\u017cy: DE342706683<\/p>\n\n\n\n<h3 class=\"wp-block-heading\">Program partnerski Amazon<\/h3>\n\n\n\n<p>Tobias Friedrich jest uczestnikiem programu partnerskiego Amazon EU, kt\u00f3ry zosta\u0142 zaprojektowany w celu zapewnienia stronom internetowym mo\u017cliwo\u015bci zarabiania na op\u0142atach reklamowych poprzez umieszczanie reklam i link\u00f3w do Amazon.de.<\/p>\n\n\n\n<p>Amazon wykorzystuje pliki cookie do \u015bledzenia pochodzenia zam\u00f3wie\u0144. Amazon mo\u017ce mi\u0119dzy innymi rozpozna\u0107, \u017ce u\u017cytkownik klikn\u0105\u0142 link partnerski na tej stronie. Wi\u0119cej informacji na temat wykorzystywania danych przez Amazon mo\u017cna znale\u017a\u0107 w polityce prywatno\u015bci firmy:www.amazon.de\/gp\/help\/customer\/display.html\/ref=footer_privacy?ie=UTF8&amp;nodeId=3312401<\/p>\n\n\n\n<h3 class=\"wp-block-heading\">\u0179r\u00f3d\u0142o zdj\u0119\u0107\/obraz\u00f3w<\/h3>\n\n\n\n<p>www.amazon.de (program partnerski Amazon)<\/p>\n\n\n\n<p>Pixabay.com<\/p>\n\n\n\n<p>Pexels.com<\/p>\n\n\n\n<p>Unsplash.com<\/p>\n\n\n\n<p>Inne obrazy na tej stronie zosta\u0142y u\u017cyte za uprzejm\u0105 zgod\u0105 Fotolia. Prawa autorskie zgodnie z \u00a7 13 UrhG maj\u0105 zastosowanie do obraz\u00f3w:<\/p>\n\n\n\n<h2 class=\"wp-block-heading\">O\u015bwiadczenie<\/h2>\n\n\n\n<h3 class=\"wp-block-heading\">Odpowiedzialno\u015b\u0107 za zawarto\u015b\u0107<\/h3>\n\n\n\n<p>Jako us\u0142ugodawca jeste\u015bmy odpowiedzialni za w\u0142asne tre\u015bci na tych stronach zgodnie z \u00a7 7 ust. 1 TMG na mocy og\u00f3lnych przepis\u00f3w prawa. Zgodnie z \u00a7\u00a7 8 do 10 TMG nie jeste\u015bmy zobowi\u0105zani do monitorowania przesy\u0142anych lub przechowywanych informacji ani do badania okoliczno\u015bci wskazuj\u0105cych na nielegaln\u0105 dzia\u0142alno\u015b\u0107. Zobowi\u0105zania do usuni\u0119cia lub zablokowania korzystania z informacji na mocy og\u00f3lnych przepis\u00f3w prawa pozostaj\u0105 nienaruszone. Odpowiedzialno\u015b\u0107 w tym zakresie jest jednak mo\u017cliwa dopiero od momentu, w kt\u00f3rym dowiemy si\u0119 o konkretnym naruszeniu prawa. Je\u015bli dowiemy si\u0119 o takich naruszeniach, niezw\u0142ocznie usuniemy odpowiednie tre\u015bci.<\/p>\n\n\n\n<h3 class=\"wp-block-heading\">Odpowiedzialno\u015b\u0107 za linki<\/h3>\n\n\n\n<p>Nasza oferta zawiera linki do zewn\u0119trznych stron internetowych os\u00f3b trzecich, na kt\u00f3rych tre\u015b\u0107 nie mamy wp\u0142ywu. W zwi\u0105zku z tym nie mo\u017cemy ponosi\u0107 \u017cadnej odpowiedzialno\u015bci za te tre\u015bci zewn\u0119trzne. Odpowiedni dostawca lub operator stron jest zawsze odpowiedzialny za tre\u015b\u0107 stron, do kt\u00f3rych prowadz\u0105 linki. Po\u0142\u0105czone strony zosta\u0142y sprawdzone pod k\u0105tem mo\u017cliwych narusze\u0144 prawa w momencie \u0142\u0105czenia. Nielegalne tre\u015bci nie by\u0142y rozpoznawalne w momencie linkowania. Jednak sta\u0142a kontrola tre\u015bci stron, do kt\u00f3rych prowadz\u0105 linki, nie jest uzasadniona bez konkretnych dowod\u00f3w naruszenia prawa. Je\u015bli dowiemy si\u0119 o jakichkolwiek naruszeniach, niezw\u0142ocznie usuniemy takie linki.<\/p>\n\n\n\n<h3 class=\"wp-block-heading\">Prawa autorskie<\/h3>\n\n\n\n<p>Tre\u015bci i dzie\u0142a stworzone przez operator\u00f3w witryn na tych stronach podlegaj\u0105 niemieckiemu prawu autorskiemu. Powielanie, przetwarzanie, dystrybucja lub jakakolwiek forma komercjalizacji takich materia\u0142\u00f3w wykraczaj\u0105ca poza zakres prawa autorskiego wymaga uprzedniej pisemnej zgody ich autora lub tw\u00f3rcy. Pobieranie i kopiowanie tej strony jest dozwolone wy\u0142\u0105cznie do prywatnego, niekomercyjnego u\u017cytku. O ile tre\u015bci na tej stronie nie zosta\u0142y stworzone przez operatora, prawa autorskie os\u00f3b trzecich s\u0105 przestrzegane. W szczeg\u00f3lno\u015bci tre\u015bci os\u00f3b trzecich s\u0105 oznaczone jako takie. Je\u015bli mimo to dowiesz si\u0119 o naruszeniu praw autorskich, poinformuj nas o tym. Je\u015bli dowiemy si\u0119 o jakichkolwiek naruszeniach, niezw\u0142ocznie usuniemy takie tre\u015bci.<\/p>","protected":false},"excerpt":{"rendered":"<p>Information according to \u00a7 5 TMG: Traffx GmbHNext Neuendorfer Landstra\u00dfe 1215806 Zossen Phone: +49 (0)173 305 8136 (no telephone purchase advice \/ product advice!)E-Mail: tobias.friedrich(at)traffx.de (no written purchase advice \/ product advice!) Managing director: Tobias Friedrich Register court: Local court PotsdamRegistration number: HRB 34921 Sales tax identification number: DE342706683 Amazon Partner Program Tobias Friedrich is [&hellip;]<\/p>","protected":false},"author":1,"featured_media":0,"parent":0,"menu_order":0,"comment_status":"closed","ping_status":"closed","template":"","meta":{"content-type":"","footnotes":""},"class_list":["post-3355","page","type-page","status-publish"],"_links":{"self":[{"href":"https:\/\/www.thesixtyone.com\/pl\/wp-json\/wp\/v2\/pages\/3355","targetHints":{"allow":["GET"]}}],"collection":[{"href":"https:\/\/www.thesixtyone.com\/pl\/wp-json\/wp\/v2\/pages"}],"about":[{"href":"https:\/\/www.thesixtyone.com\/pl\/wp-json\/wp\/v2\/types\/page"}],"author":[{"embeddable":true,"href":"https:\/\/www.thesixtyone.com\/pl\/wp-json\/wp\/v2\/users\/1"}],"replies":[{"embeddable":true,"href":"https:\/\/www.thesixtyone.com\/pl\/wp-json\/wp\/v2\/comments?post=3355"}],"version-history":[{"count":1,"href":"https:\/\/www.thesixtyone.com\/pl\/wp-json\/wp\/v2\/pages\/3355\/revisions"}],"predecessor-version":[{"id":3357,"href":"https:\/\/www.thesixtyone.com\/pl\/wp-json\/wp\/v2\/pages\/3355\/revisions\/3357"}],"wp:attachment":[{"href":"https:\/\/www.thesixtyone.com\/pl\/wp-json\/wp\/v2\/media?parent=3355"}],"curies":[{"name":"wp","href":"https:\/\/api.w.org\/{rel}","templated":true}]}}