{"id":3359,"date":"2023-01-11T13:55:34","date_gmt":"2023-01-11T12:55:34","guid":{"rendered":"https:\/\/www.thesixtyone.com\/imprint-2\/"},"modified":"2023-01-26T17:26:15","modified_gmt":"2023-01-26T16:26:15","slug":"wylaczenie-odpowiedzialnosci","status":"publish","type":"page","link":"https:\/\/www.thesixtyone.com\/pl\/wylaczenie-odpowiedzialnosci\/","title":{"rendered":"O\u015bwiadczenie"},"content":{"rendered":"<p>TheSixtyOne.com nie ponosi odpowiedzialno\u015bci za jakiekolwiek szkody, kt\u00f3re mog\u0105 wynikn\u0105\u0107 z korzystania lub dost\u0119pu do tej strony internetowej. TheSixtyOne.com dok\u0142ada wszelkich stara\u0144, aby zawarto\u015b\u0107 stron internetowych by\u0142a aktualna, kompletna i poprawna. Ca\u0142a zawarto\u015b\u0107 naszych stron internetowych jest dok\u0142adnie sprawdzana podczas ich tworzenia i w regularnych odst\u0119pach czasu.<\/p>\n\n\n\n<p>Poniewa\u017c jednak informacje mog\u0105 si\u0119 szybko zmienia\u0107, ich tre\u015b\u0107 niekoniecznie musi by\u0107 zawsze aktualna, poprawna i kompletna. W zwi\u0105zku z tym TheSixtyOne.com nie mo\u017ce zagwarantowa\u0107 ich wa\u017cno\u015bci, aktualno\u015bci, kompletno\u015bci i dok\u0142adno\u015bci. Wszelka odpowiedzialno\u015b\u0107 jest wykluczona.<\/p>\n\n\n\n<p>TheSixtyOne.com nie ponosi r\u00f3wnie\u017c odpowiedzialno\u015bci za informacje gie\u0142dowe lub sugestie handlowe podane na stronie internetowej. Nale\u017cy zauwa\u017cy\u0107, \u017ce notowane papiery warto\u015bciowe podlegaj\u0105 znacznym wahaniom cen i ryzyku. Sugestie handlowe lub inne informacje nie stanowi\u0105 zaproszenia do kupna lub sprzeda\u017cy papier\u00f3w warto\u015bciowych lub pochodnych produkt\u00f3w finansowych.<\/p>\n\n\n\n<p>Informacje zawarte na stronie TheSixtyOne.com maj\u0105 wy\u0142\u0105cznie charakter porady og\u00f3lnej. Informacje te nie stanowi\u0105 umowy z czytelnikiem i nie mog\u0105 zast\u0105pi\u0107 porady prawnej. Nie ponosimy odpowiedzialno\u015bci za dok\u0142adno\u015b\u0107, aktualno\u015b\u0107 ani kompletno\u015b\u0107 informacji. Wszelkie prawa s\u0105 zastrze\u017cone przez autora, a jakakolwiek reprodukcja wymaga zgody.<\/p>\n\n\n\n<p>Wszelka odpowiedzialno\u015b\u0107 za bezpo\u015brednie lub po\u015brednie konsekwencje opublikowanych tre\u015bci jest zatem wykluczona. Odwiedzaj\u0105cy, kt\u00f3rzy podejmuj\u0105 lub przeprowadzaj\u0105 decyzje inwestycyjne na podstawie opublikowanych tre\u015bci, robi\u0105 to na w\u0142asne ryzyko. TheSixtyOne.com nie ponosi odpowiedzialno\u015bci za dok\u0142adno\u015b\u0107 publikowanych informacji. Korzystaj\u0105c z witryny, u\u017cytkownik wyra\u017anie wyra\u017ca na to zgod\u0119.<\/p>","protected":false},"excerpt":{"rendered":"<p>TheSixtyOne.com is not liable for any damages that may arise from the use of or access to this website. TheSixtyOne.com makes every effort to ensure that the content of the web pages is up-to-date, complete and correct. All contents of our web pages are carefully checked during their creation and at regular intervals. However, since [&hellip;]<\/p>","protected":false},"author":1,"featured_media":0,"parent":0,"menu_order":0,"comment_status":"closed","ping_status":"closed","template":"","meta":{"content-type":"","footnotes":""},"class_list":["post-3359","page","type-page","status-publish"],"_links":{"self":[{"href":"https:\/\/www.thesixtyone.com\/pl\/wp-json\/wp\/v2\/pages\/3359","targetHints":{"allow":["GET"]}}],"collection":[{"href":"https:\/\/www.thesixtyone.com\/pl\/wp-json\/wp\/v2\/pages"}],"about":[{"href":"https:\/\/www.thesixtyone.com\/pl\/wp-json\/wp\/v2\/types\/page"}],"author":[{"embeddable":true,"href":"https:\/\/www.thesixtyone.com\/pl\/wp-json\/wp\/v2\/users\/1"}],"replies":[{"embeddable":true,"href":"https:\/\/www.thesixtyone.com\/pl\/wp-json\/wp\/v2\/comments?post=3359"}],"version-history":[{"count":1,"href":"https:\/\/www.thesixtyone.com\/pl\/wp-json\/wp\/v2\/pages\/3359\/revisions"}],"predecessor-version":[{"id":3361,"href":"https:\/\/www.thesixtyone.com\/pl\/wp-json\/wp\/v2\/pages\/3359\/revisions\/3361"}],"wp:attachment":[{"href":"https:\/\/www.thesixtyone.com\/pl\/wp-json\/wp\/v2\/media?parent=3359"}],"curies":[{"name":"wp","href":"https:\/\/api.w.org\/{rel}","templated":true}]}}