{"id":3359,"date":"2023-01-11T13:55:34","date_gmt":"2023-01-11T12:55:34","guid":{"rendered":"https:\/\/www.thesixtyone.com\/imprint-2\/"},"modified":"2023-01-26T17:26:15","modified_gmt":"2023-01-26T16:26:15","slug":"ansvarsfriskrivning","status":"publish","type":"page","link":"https:\/\/www.thesixtyone.com\/sv\/ansvarsfriskrivning\/","title":{"rendered":"Ansvarsfriskrivning"},"content":{"rendered":"<p>TheSixtyOne.com ansvarar inte f\u00f6r n\u00e5gra skador som kan uppst\u00e5 till f\u00f6ljd av anv\u00e4ndning av eller tillg\u00e5ng till denna webbplats. TheSixtyOne.com g\u00f6r allt f\u00f6r att s\u00e4kerst\u00e4lla att inneh\u00e5llet p\u00e5 webbsidorna \u00e4r uppdaterat, fullst\u00e4ndigt och korrekt. Allt inneh\u00e5ll p\u00e5 v\u00e5ra webbsidor kontrolleras noggrant under deras skapande och med j\u00e4mna mellanrum.<\/p>\n\n\n\n<p>Men eftersom information kan \u00e4ndras snabbt \u00e4r inneh\u00e5llet inte n\u00f6dv\u00e4ndigtvis alltid uppdaterat, korrekt och fullst\u00e4ndigt. D\u00e4rf\u00f6r kan TheSixtyOne.com inte garantera dess giltighet, aktualitet, fullst\u00e4ndighet och noggrannhet. Allt ansvar \u00e4r uteslutet.<\/p>\n\n\n\n<p>TheSixtyOne.com p\u00e5tar sig inte heller n\u00e5got ansvar f\u00f6r b\u00f6rsinformation eller handelsf\u00f6rslag som tillhandah\u00e5lls p\u00e5 webbplatsen. Det b\u00f6r noteras att noterade v\u00e4rdepapper \u00e4r f\u00f6rem\u00e5l f\u00f6r betydande kursfluktuationer och risker. Handelsf\u00f6rslag eller annan information utg\u00f6r inte en inbjudan att k\u00f6pa eller s\u00e4lja v\u00e4rdepapper eller finansiella derivatprodukter.<\/p>\n\n\n\n<p>Informationen p\u00e5 TheSixtyOne.com \u00e4r endast avsedd som allm\u00e4n r\u00e5dgivning. Denna information utg\u00f6r inte ett avtal med l\u00e4saren och kan inte ers\u00e4tta juridisk r\u00e5dgivning. Inget ansvar tas f\u00f6r informationens noggrannhet, aktualitet eller fullst\u00e4ndighet. Alla r\u00e4ttigheter f\u00f6rbeh\u00e5lls av f\u00f6rfattaren och all form av reproduktion kr\u00e4ver tillst\u00e5nd.<\/p>\n\n\n\n<p>Allt ansvar f\u00f6r direkta eller indirekta konsekvenser av det publicerade inneh\u00e5llet \u00e4r d\u00e4rf\u00f6r uteslutet. Bes\u00f6kare som fattar eller genomf\u00f6r investeringsbeslut p\u00e5 grundval av det publicerade inneh\u00e5llet g\u00f6r det p\u00e5 egen risk. TheSixtyOne.com p\u00e5tar sig inget ansvar f\u00f6r riktigheten i den publicerade informationen. Genom att anv\u00e4nda webbplatsen samtycker du uttryckligen till detta.<\/p>","protected":false},"excerpt":{"rendered":"<p>TheSixtyOne.com is not liable for any damages that may arise from the use of or access to this website. TheSixtyOne.com makes every effort to ensure that the content of the web pages is up-to-date, complete and correct. All contents of our web pages are carefully checked during their creation and at regular intervals. However, since [&hellip;]<\/p>","protected":false},"author":1,"featured_media":0,"parent":0,"menu_order":0,"comment_status":"closed","ping_status":"closed","template":"","meta":{"content-type":"","footnotes":""},"class_list":["post-3359","page","type-page","status-publish"],"_links":{"self":[{"href":"https:\/\/www.thesixtyone.com\/sv\/wp-json\/wp\/v2\/pages\/3359","targetHints":{"allow":["GET"]}}],"collection":[{"href":"https:\/\/www.thesixtyone.com\/sv\/wp-json\/wp\/v2\/pages"}],"about":[{"href":"https:\/\/www.thesixtyone.com\/sv\/wp-json\/wp\/v2\/types\/page"}],"author":[{"embeddable":true,"href":"https:\/\/www.thesixtyone.com\/sv\/wp-json\/wp\/v2\/users\/1"}],"replies":[{"embeddable":true,"href":"https:\/\/www.thesixtyone.com\/sv\/wp-json\/wp\/v2\/comments?post=3359"}],"version-history":[{"count":1,"href":"https:\/\/www.thesixtyone.com\/sv\/wp-json\/wp\/v2\/pages\/3359\/revisions"}],"predecessor-version":[{"id":3361,"href":"https:\/\/www.thesixtyone.com\/sv\/wp-json\/wp\/v2\/pages\/3359\/revisions\/3361"}],"wp:attachment":[{"href":"https:\/\/www.thesixtyone.com\/sv\/wp-json\/wp\/v2\/media?parent=3359"}],"curies":[{"name":"wp","href":"https:\/\/api.w.org\/{rel}","templated":true}]}}